{"id":5,"date":"2015-03-11T22:19:53","date_gmt":"2015-03-11T22:19:53","guid":{"rendered":"http:\/\/trs-info.ch\/wordpress\/?page_id=5"},"modified":"2024-07-08T06:05:45","modified_gmt":"2024-07-08T06:05:45","slug":"home","status":"publish","type":"page","link":"https:\/\/trs-info.ch\/wordpress\/","title":{"rendered":"Home"},"content":{"rendered":"<p>Seit 2013 steht unser Unternehmen f\u00fcr Qualit\u00e4t, Sicherheit und Zuverl\u00e4ssigkeit. Egal ob Reparaturen an bestehenden Toren oder komplette Neuinstallationen \u2013 wir sind mit unserem vollausger\u00fcsteten Montagewagen schnell bei Ihnen vor Ort.<\/p>\n<p>\u00dcber 30 Jahre Erfahrung in Torbau, Reparatur und Montage von Produkten verschiedenster Hersteller zeichnet unsere Expertise aus.<\/p>\n<ul>\n<li>Novoferm<\/li>\n<li>Normstahl Entrematic<\/li>\n<li>Tekentrup<\/li>\n<li>G\u00fcller<\/li>\n<li>Faltec<\/li>\n<li>H\u00f6rmann<\/li>\n<li>BN Tore<\/li>\n<li>GfA<\/li>\n<li>Berner Eazymatic<\/li>\n<\/ul>\n<p><strong>Sicherheit<br \/>\n<\/strong>Verschleiss, Alterung oder Erm\u00fcdung verwendeter Materialien sowie bauliche \u00c4nderungen k\u00f6nnen Sicherheitsm\u00e4ngel hervorrufen. Deshalb unterliegt der Betrieb und die Instandhaltung automatischer T\u00fcr- und Toranlagen bestimmten gesetzlichen Vorgaben. Durch die Beachtung und Einhaltung der SIA-Norm 13241.1 und der VFK-Brandschutznorm Artikel 18, werden diese Bestimmungen eingehalten.<\/p>\n<p><strong>Wartungs- und Servicevertr\u00e4ge<br \/>\n<\/strong>Damit Sie sich nicht selbst um den Unterhalt Ihrer Anlage sorgen m\u00fcssen, bieten wir Ihnen gerne auf Sie zugeschnittene Wartungs- oder Servicevertr\u00e4ge an.<\/p>\n<p>Rufen Sie uns an. Wir beraten Sie gerne!<\/p>\n<p>079 735 70 70 \/ <a href=\"mailto:trs-info@bluewin.ch\">trs-info@bluewin.ch\u00a0<\/a><\/p>\n","protected":false},"excerpt":{"rendered":"<p>Seit 2013 steht unser Unternehmen f\u00fcr Qualit\u00e4t, Sicherheit und Zuverl\u00e4ssigkeit. Egal ob Reparaturen an bestehenden Toren oder komplette Neuinstallationen \u2013 wir sind mit unserem vollausger\u00fcsteten Montagewagen schnell bei Ihnen vor Ort. \u00dcber 30 Jahre Erfahrung in Torbau, Reparatur und Montage von Produkten verschiedenster Hersteller zeichnet unsere Expertise aus. Novoferm Normstahl Entrematic Tekentrup G\u00fcller Faltec H\u00f6rmann [&hellip;]<\/p>\n","protected":false},"author":1,"featured_media":0,"parent":0,"menu_order":0,"comment_status":"open","ping_status":"open","template":"","meta":[],"_links":{"self":[{"href":"https:\/\/trs-info.ch\/wordpress\/index.php?rest_route=\/wp\/v2\/pages\/5"}],"collection":[{"href":"https:\/\/trs-info.ch\/wordpress\/index.php?rest_route=\/wp\/v2\/pages"}],"about":[{"href":"https:\/\/trs-info.ch\/wordpress\/index.php?rest_route=\/wp\/v2\/types\/page"}],"author":[{"embeddable":true,"href":"https:\/\/trs-info.ch\/wordpress\/index.php?rest_route=\/wp\/v2\/users\/1"}],"replies":[{"embeddable":true,"href":"https:\/\/trs-info.ch\/wordpress\/index.php?rest_route=%2Fwp%2Fv2%2Fcomments&post=5"}],"version-history":[{"count":4,"href":"https:\/\/trs-info.ch\/wordpress\/index.php?rest_route=\/wp\/v2\/pages\/5\/revisions"}],"predecessor-version":[{"id":178,"href":"https:\/\/trs-info.ch\/wordpress\/index.php?rest_route=\/wp\/v2\/pages\/5\/revisions\/178"}],"wp:attachment":[{"href":"https:\/\/trs-info.ch\/wordpress\/index.php?rest_route=%2Fwp%2Fv2%2Fmedia&parent=5"}],"curies":[{"name":"wp","href":"https:\/\/api.w.org\/{rel}","templated":true}]}}